{"id":153,"date":"2018-07-13T14:44:54","date_gmt":"2018-07-13T14:44:54","guid":{"rendered":"https:\/\/sumsemann-ev.de\/?page_id=153"},"modified":"2025-10-27T23:50:08","modified_gmt":"2025-10-27T22:50:08","slug":"elternbeirat","status":"publish","type":"page","link":"https:\/\/sumsemann-ev.de\/?page_id=153","title":{"rendered":"Elternbeirat"},"content":{"rendered":"<p>Der Elternbeirat wird aus mindestens zwei gew\u00e4hlten Vertreterinnen oder Vertretern der Eltern gebildet. Er hat die Aufgabe, die Zusammenarbeit zwischen den Eltern, dem Kindergarten Sumsemann e.V. als Tr\u00e4ger der Einrichtung und den im Kindergarten p\u00e4dagogisch t\u00e4tigen Fachkr\u00e4ften zu f\u00f6rdern und das Interesse der Eltern f\u00fcr die Arbeit der p\u00e4dagogischen Fachkr\u00e4fte mit den Kindern zu beleben.<\/p>\n","protected":false},"excerpt":{"rendered":"<p>Der Elternbeirat wird aus mindestens zwei gew\u00e4hlten Vertreterinnen oder Vertretern der Eltern gebildet. Er hat die Aufgabe, die Zusammenarbeit zwischen den Eltern, dem Kindergarten Sumsemann e.V. als Tr\u00e4ger der Einrichtung und den im Kindergarten p\u00e4dagogisch t\u00e4tigen Fachkr\u00e4ften zu f\u00f6rdern und das Interesse der Eltern f\u00fcr die Arbeit der p\u00e4dagogischen Fachkr\u00e4fte mit den Kindern zu beleben.<\/p>\n","protected":false},"author":3,"featured_media":0,"parent":0,"menu_order":0,"comment_status":"closed","ping_status":"closed","template":"page-fullwidth.php","meta":[],"_links":{"self":[{"href":"https:\/\/sumsemann-ev.de\/index.php?rest_route=\/wp\/v2\/pages\/153"}],"collection":[{"href":"https:\/\/sumsemann-ev.de\/index.php?rest_route=\/wp\/v2\/pages"}],"about":[{"href":"https:\/\/sumsemann-ev.de\/index.php?rest_route=\/wp\/v2\/types\/page"}],"author":[{"embeddable":true,"href":"https:\/\/sumsemann-ev.de\/index.php?rest_route=\/wp\/v2\/users\/3"}],"replies":[{"embeddable":true,"href":"https:\/\/sumsemann-ev.de\/index.php?rest_route=%2Fwp%2Fv2%2Fcomments&post=153"}],"version-history":[{"count":13,"href":"https:\/\/sumsemann-ev.de\/index.php?rest_route=\/wp\/v2\/pages\/153\/revisions"}],"predecessor-version":[{"id":1134,"href":"https:\/\/sumsemann-ev.de\/index.php?rest_route=\/wp\/v2\/pages\/153\/revisions\/1134"}],"wp:attachment":[{"href":"https:\/\/sumsemann-ev.de\/index.php?rest_route=%2Fwp%2Fv2%2Fmedia&parent=153"}],"curies":[{"name":"wp","href":"https:\/\/api.w.org\/{rel}","templated":true}]}}