{"id":2,"date":"2016-05-10T03:48:21","date_gmt":"2016-05-10T03:48:21","guid":{"rendered":"http:\/\/sumsemann-ev.de\/?page_id=2"},"modified":"2025-10-27T23:46:57","modified_gmt":"2025-10-27T22:46:57","slug":"sample-page","status":"publish","type":"page","link":"https:\/\/sumsemann-ev.de\/","title":{"rendered":"Willkommen"},"content":{"rendered":"<div id=\"pl-2\"  class=\"panel-layout\" ><div id=\"pg-2-0\"  class=\"panel-grid panel-no-style\" ><div id=\"pgc-2-0-0\"  class=\"panel-grid-cell\" ><div id=\"panel-2-0-0-0\" class=\"so-panel widget widget_sow-editor panel-first-child\" data-index=\"0\" ><div class=\"panel-widget-style panel-widget-style-for-2-0-0-0\" ><div\n\t\t\t\n\t\t\tclass=\"so-widget-sow-editor so-widget-sow-editor-base\"\n\t\t\t\n\t\t>\n<div class=\"siteorigin-widget-tinymce textwidget\">\n\t<p style=\"text-align: center;\"><strong>Mitglied der Parit\u00e4tische NRW e.V.\u00a0<\/strong><\/p>\n<\/div>\n<\/div><\/div><\/div><div id=\"panel-2-0-0-1\" class=\"so-panel widget widget_sow-image panel-last-child\" data-index=\"1\" ><div\n\t\t\t\n\t\t\tclass=\"so-widget-sow-image so-widget-sow-image-default-334eeca80698-2\"\n\t\t\t\n\t\t>\n<div class=\"sow-image-container\">\n\t\t<img \n\tsrc=\"https:\/\/sumsemann-ev.de\/wp-content\/uploads\/2018\/11\/Herzlich_Willkommen_Sumsemann-e1541103315290.png\" width=\"1204\" height=\"100\" sizes=\"(max-width: 1204px) 100vw, 1204px\" title=\"Herzlich_Willkommen_Sumsemann\" alt=\"\" \t\tclass=\"so-widget-image\"\/>\n\t<\/div>\n\n<\/div><\/div><\/div><\/div><div id=\"pg-2-1\"  class=\"panel-grid panel-no-style\" ><div id=\"pgc-2-1-0\"  class=\"panel-grid-cell\" ><div id=\"panel-2-1-0-0\" class=\"so-panel widget widget_sow-headline panel-first-child panel-last-child\" data-index=\"2\" ><div\n\t\t\t\n\t\t\tclass=\"so-widget-sow-headline so-widget-sow-headline-default-08ca780a4db4-2\"\n\t\t\t\n\t\t><div class=\"sow-headline-container \">\n\t\t\t\t\t\t\t<h1 class=\"sow-headline\">\n\t\t\t\t\t\tUns gibt es seit mehr als ...\t\t\t\t\t\t<\/h1>\n\t\t\t\t\t\t\t\t\t\t\t<div class=\"decoration\">\n\t\t\t\t\t\t<div class=\"decoration-inside\"><\/div>\n\t\t\t\t\t<\/div>\n\t\t\t\t\t<\/div>\n<\/div><\/div><\/div><\/div><div id=\"pg-2-2\"  class=\"panel-grid panel-no-style\" ><div id=\"pgc-2-2-0\"  class=\"panel-grid-cell panel-grid-cell-empty\" ><\/div><div id=\"pgc-2-2-1\"  class=\"panel-grid-cell panel-grid-cell-mobile-last\" ><div id=\"panel-2-2-1-0\" class=\"so-panel widget widget_media_image panel-first-child\" data-index=\"3\" ><img loading=\"lazy\" decoding=\"async\" width=\"763\" height=\"1066\" src=\"https:\/\/sumsemann-ev.de\/wp-content\/uploads\/2024\/06\/IMG-20240603-WA0008.jpg\" class=\"image wp-image-1121  attachment-full size-full\" alt=\"\" style=\"max-width: 100%; height: auto;\" srcset=\"https:\/\/sumsemann-ev.de\/wp-content\/uploads\/2024\/06\/IMG-20240603-WA0008.jpg 763w, https:\/\/sumsemann-ev.de\/wp-content\/uploads\/2024\/06\/IMG-20240603-WA0008-215x300.jpg 215w, https:\/\/sumsemann-ev.de\/wp-content\/uploads\/2024\/06\/IMG-20240603-WA0008-733x1024.jpg 733w\" sizes=\"auto, (max-width: 763px) 100vw, 763px\" \/><\/div><div id=\"panel-2-2-1-1\" class=\"so-panel widget widget_sow-headline panel-last-child\" data-index=\"4\" ><div\n\t\t\t\n\t\t\tclass=\"so-widget-sow-headline so-widget-sow-headline-default-08ca780a4db4-2\"\n\t\t\t\n\t\t><div class=\"sow-headline-container \">\n\t\t\t\t\t\t\t<h1 class=\"sow-headline\">\n\t\t\t\t\t\tGr\u00fcndungsjahr 1984\t\t\t\t\t\t<\/h1>\n\t\t\t\t\t\t\t\t\t\t\t<div class=\"decoration\">\n\t\t\t\t\t\t<div class=\"decoration-inside\"><\/div>\n\t\t\t\t\t<\/div>\n\t\t\t\t\t<\/div>\n<\/div><\/div><\/div><div id=\"pgc-2-2-2\"  class=\"panel-grid-cell panel-grid-cell-empty\" ><\/div><\/div><div id=\"pg-2-3\"  class=\"panel-grid panel-has-style\" ><div class=\"siteorigin-panels-stretch panel-row-style panel-row-style-for-2-3\" data-stretch-type=\"full\" ><div id=\"pgc-2-3-0\"  class=\"panel-grid-cell\" ><div id=\"panel-2-3-0-0\" class=\"so-panel widget widget_sow-editor panel-first-child panel-last-child\" data-index=\"5\" ><div class=\"panel-widget-style panel-widget-style-for-2-3-0-0\" ><div\n\t\t\t\n\t\t\tclass=\"so-widget-sow-editor so-widget-sow-editor-base\"\n\t\t\t\n\t\t>\n<div class=\"siteorigin-widget-tinymce textwidget\">\n\t<p>&nbsp;<\/p>\n<p style=\"text-align: center;\"><strong>\u00a0<\/strong><\/p>\n<\/div>\n<\/div><\/div><\/div><\/div><div id=\"pgc-2-3-1\"  class=\"panel-grid-cell\" ><div id=\"panel-2-3-1-0\" class=\"so-panel widget widget_sow-image panel-first-child panel-last-child\" data-index=\"6\" ><div\n\t\t\t\n\t\t\tclass=\"so-widget-sow-image so-widget-sow-image-default-8b5b6f678277-2\"\n\t\t\t\n\t\t>\n<div class=\"sow-image-container\">\n\t\t<img \n\tsrc=\"https:\/\/sumsemann-ev.de\/wp-content\/uploads\/2018\/11\/DSC_7368_00001-1.jpg\" width=\"1200\" height=\"800\" srcset=\"https:\/\/sumsemann-ev.de\/wp-content\/uploads\/2018\/11\/DSC_7368_00001-1.jpg 1200w, https:\/\/sumsemann-ev.de\/wp-content\/uploads\/2018\/11\/DSC_7368_00001-1-300x200.jpg 300w, https:\/\/sumsemann-ev.de\/wp-content\/uploads\/2018\/11\/DSC_7368_00001-1-768x512.jpg 768w, https:\/\/sumsemann-ev.de\/wp-content\/uploads\/2018\/11\/DSC_7368_00001-1-1024x683.jpg 1024w, https:\/\/sumsemann-ev.de\/wp-content\/uploads\/2018\/11\/DSC_7368_00001-1-1050x700.jpg 1050w, https:\/\/sumsemann-ev.de\/wp-content\/uploads\/2018\/11\/DSC_7368_00001-1-272x182.jpg 272w\" sizes=\"(max-width: 1200px) 100vw, 1200px\" title=\"DSC_7368_00001\" alt=\"\" \t\tclass=\"so-widget-image\"\/>\n\t<\/div>\n\n<\/div><\/div><\/div><\/div><\/div><div id=\"pg-2-4\"  class=\"panel-grid panel-has-style\" ><div class=\"siteorigin-panels-stretch panel-row-style panel-row-style-for-2-4\" data-stretch-type=\"full\" ><div id=\"pgc-2-4-0\"  class=\"panel-grid-cell\" ><div id=\"panel-2-4-0-0\" class=\"so-panel widget widget_sow-image panel-first-child panel-last-child\" data-index=\"7\" ><div\n\t\t\t\n\t\t\tclass=\"so-widget-sow-image so-widget-sow-image-default-8b5b6f678277-2\"\n\t\t\t\n\t\t>\n<div class=\"sow-image-container\">\n\t\t<img \n\tsrc=\"https:\/\/sumsemann-ev.de\/wp-content\/uploads\/2020\/03\/20200129_132928_3x2-e1585486346202.jpg\" width=\"1200\" height=\"800\" sizes=\"(max-width: 1200px) 100vw, 1200px\" title=\"Kindergarten innen\" alt=\"\" \t\tclass=\"so-widget-image\"\/>\n\t<\/div>\n\n<\/div><\/div><\/div><div id=\"pgc-2-4-1\"  class=\"panel-grid-cell\" ><div id=\"panel-2-4-1-0\" class=\"so-panel widget widget_sow-editor panel-first-child panel-last-child\" data-index=\"8\" ><div\n\t\t\t\n\t\t\tclass=\"so-widget-sow-editor so-widget-sow-editor-base\"\n\t\t\t\n\t\t><h3 class=\"widget-title\">Der Sumsemann<\/h3>\n<div class=\"siteorigin-widget-tinymce textwidget\">\n\t<p>Fast jeder freut sich, wenn er einen Marienk\u00e4fer findet. Er hilft als <strong>Gl\u00fccksbringer<\/strong>! Aus diesem Grund ist der K\u00e4fer als <strong>Symbol<\/strong> f\u00fcr unseren Kindergarten sehr geeignet. Die Zeit im Kindergarten soll\u00a0f\u00fcr die Kinder eine fr\u00f6hliche, gl\u00fcckliche Zeit in sozialer Gemeinschaft mit anderen sein - sie soll <strong>Freude machen<\/strong>. Durch Angebote, die alle sieben Sinne - H\u00f6r-, Seh-, Tast-, Geruchs- und Geschmackssinn- sowie den Gleichgewichtssinn\u00a0und den Muskeltonus der Kinder ansprechen, tr\u00e4gt die Erziehung in unserem Kindergarten dazu bei, dass sich jedes\u00a0einzelne Kind in seiner gesamten Pers\u00f6nlichkeit entfalten kann.<\/p>\n<\/div>\n<\/div><\/div><\/div><\/div><\/div><div id=\"pg-2-5\"  class=\"panel-grid panel-no-style\" ><div id=\"pgc-2-5-0\"  class=\"panel-grid-cell\" ><div id=\"panel-2-5-0-0\" class=\"so-panel widget widget_sow-image panel-first-child panel-last-child\" data-index=\"9\" ><div\n\t\t\t\n\t\t\tclass=\"so-widget-sow-image so-widget-sow-image-default-113ccd71f3e6-2\"\n\t\t\t\n\t\t>\n<div class=\"sow-image-container\">\n\t\t<img \n\tsrc=\"https:\/\/sumsemann-ev.de\/wp-content\/uploads\/2018\/11\/Bewegung_ist_unser_Motto-e1541104424648.png\" width=\"1200\" height=\"101\" sizes=\"(max-width: 1200px) 100vw, 1200px\" title=\"Bewegung_ist_unser_Motto\" alt=\"\" \t\tclass=\"so-widget-image\"\/>\n\t<\/div>\n\n<\/div><\/div><\/div><\/div><div id=\"pg-2-6\"  class=\"panel-grid panel-has-style\" ><div class=\"siteorigin-panels-stretch panel-row-style panel-row-style-for-2-6\" data-stretch-type=\"full\" ><div id=\"pgc-2-6-0\"  class=\"panel-grid-cell\" ><div id=\"panel-2-6-0-0\" class=\"so-panel widget widget_sow-editor panel-first-child\" data-index=\"10\" ><div\n\t\t\t\n\t\t\tclass=\"so-widget-sow-editor so-widget-sow-editor-base\"\n\t\t\t\n\t\t><h3 class=\"widget-title\">Konzept<\/h3>\n<div class=\"siteorigin-widget-tinymce textwidget\">\n\t<p>Wir f\u00f6rdern das Zusammensein mit anderen Kindern in der Gruppe.<br \/>\nDie vielf\u00e4ltige, motivierende <strong>Ausstattung<\/strong> und die <strong>Angebote<\/strong>, die der Entwicklung und Lebenssituation der Kinder entsprechen, unterst\u00fctzen das Spielen, Lernen und Entdecken.<br \/>\nLesen Sie unser komplettes Konzept<\/p>\n<\/div>\n<\/div><\/div><div id=\"panel-2-6-0-1\" class=\"so-panel widget widget_sow-button panel-last-child\" data-index=\"11\" ><div\n\t\t\t\n\t\t\tclass=\"so-widget-sow-button so-widget-sow-button-wire-2cfc30c770ff-2\"\n\t\t\t\n\t\t><div class=\"ow-button-base ow-button-align-left\"\n>\n\t\t\t<a\n\t\t\t\t\thref=\"https:\/\/sumsemann-ev.de\/?page_id=21\"\n\t\t\t\t\tclass=\"sowb-button ow-icon-placement-left ow-button-hover\" \t>\n\t\t<span>\n\t\t\t\n\t\t\tmehr lesen\t\t<\/span>\n\t\t\t<\/a>\n\t<\/div>\n<\/div><\/div><\/div><div id=\"pgc-2-6-1\"  class=\"panel-grid-cell\" ><div id=\"panel-2-6-1-0\" class=\"so-panel widget widget_sow-image panel-first-child panel-last-child\" data-index=\"12\" ><div\n\t\t\t\n\t\t\tclass=\"so-widget-sow-image so-widget-sow-image-default-8b5b6f678277-2\"\n\t\t\t\n\t\t>\n<div class=\"sow-image-container\">\n\t\t<img \n\tsrc=\"https:\/\/sumsemann-ev.de\/wp-content\/uploads\/2018\/11\/DSC_7362_00001.jpg\" width=\"1200\" height=\"797\" srcset=\"https:\/\/sumsemann-ev.de\/wp-content\/uploads\/2018\/11\/DSC_7362_00001.jpg 1200w, https:\/\/sumsemann-ev.de\/wp-content\/uploads\/2018\/11\/DSC_7362_00001-300x199.jpg 300w, https:\/\/sumsemann-ev.de\/wp-content\/uploads\/2018\/11\/DSC_7362_00001-768x510.jpg 768w, https:\/\/sumsemann-ev.de\/wp-content\/uploads\/2018\/11\/DSC_7362_00001-1024x680.jpg 1024w, https:\/\/sumsemann-ev.de\/wp-content\/uploads\/2018\/11\/DSC_7362_00001-1050x697.jpg 1050w, https:\/\/sumsemann-ev.de\/wp-content\/uploads\/2018\/11\/DSC_7362_00001-272x182.jpg 272w\" sizes=\"(max-width: 1200px) 100vw, 1200px\" alt=\"\" \t\tclass=\"so-widget-image\"\/>\n\t<\/div>\n\n<\/div><\/div><\/div><\/div><\/div><div id=\"pg-2-7\"  class=\"panel-grid panel-has-style\" ><div class=\"siteorigin-panels-stretch panel-row-style panel-row-style-for-2-7\" data-stretch-type=\"full\" ><div id=\"pgc-2-7-0\"  class=\"panel-grid-cell\" ><div id=\"panel-2-7-0-0\" class=\"so-panel widget widget_sow-image panel-first-child panel-last-child\" data-index=\"13\" ><div\n\t\t\t\n\t\t\tclass=\"so-widget-sow-image so-widget-sow-image-default-8b5b6f678277-2\"\n\t\t\t\n\t\t>\n<div class=\"sow-image-container\">\n\t\t<img \n\tsrc=\"https:\/\/sumsemann-ev.de\/wp-content\/uploads\/2020\/03\/20200122_105222_3x2-e1585486707584.jpg\" width=\"1200\" height=\"800\" sizes=\"(max-width: 1200px) 100vw, 1200px\" title=\"Turnhalle\" alt=\"\" \t\tclass=\"so-widget-image\"\/>\n\t<\/div>\n\n<\/div><\/div><\/div><div id=\"pgc-2-7-1\"  class=\"panel-grid-cell\" ><div id=\"panel-2-7-1-0\" class=\"so-panel widget widget_sow-editor panel-first-child\" data-index=\"14\" ><div\n\t\t\t\n\t\t\tclass=\"so-widget-sow-editor so-widget-sow-editor-base\"\n\t\t\t\n\t\t><h3 class=\"widget-title\">\u00dcber uns<\/h3>\n<div class=\"siteorigin-widget-tinymce textwidget\">\n\tHier erhalten Sie alle Infos \u00fcber unsere Tr\u00e4gerschaft, die\u00a0Elternarbeit sowie die Zusammenarbeit mit anderen Institutionen aber auch Besonderheiten, was unsere Einrichtung betrifft.\nInformieren Sie sich ...<\/div>\n<\/div><\/div><div id=\"panel-2-7-1-1\" class=\"so-panel widget widget_sow-button panel-last-child\" data-index=\"15\" ><div\n\t\t\t\n\t\t\tclass=\"so-widget-sow-button so-widget-sow-button-wire-2cfc30c770ff-2\"\n\t\t\t\n\t\t><div class=\"ow-button-base ow-button-align-left\"\n>\n\t\t\t<a\n\t\t\t\t\thref=\"https:\/\/sumsemann-ev.de\/?page_id=6\"\n\t\t\t\t\tclass=\"sowb-button ow-icon-placement-left ow-button-hover\" \t>\n\t\t<span>\n\t\t\t\n\t\t\tmehr lesen\t\t<\/span>\n\t\t\t<\/a>\n\t<\/div>\n<\/div><\/div><\/div><\/div><\/div><\/div>","protected":false},"excerpt":{"rendered":"<p>Mitglied der Parit\u00e4tische NRW e.V.\u00a0<\/p>\n","protected":false},"author":3,"featured_media":0,"parent":0,"menu_order":0,"comment_status":"closed","ping_status":"closed","template":"page-fullwidth.php","meta":{"footnotes":""},"class_list":["post-2","page","type-page","status-publish","hentry"],"_links":{"self":[{"href":"https:\/\/sumsemann-ev.de\/index.php?rest_route=\/wp\/v2\/pages\/2","targetHints":{"allow":["GET"]}}],"collection":[{"href":"https:\/\/sumsemann-ev.de\/index.php?rest_route=\/wp\/v2\/pages"}],"about":[{"href":"https:\/\/sumsemann-ev.de\/index.php?rest_route=\/wp\/v2\/types\/page"}],"author":[{"embeddable":true,"href":"https:\/\/sumsemann-ev.de\/index.php?rest_route=\/wp\/v2\/users\/3"}],"replies":[{"embeddable":true,"href":"https:\/\/sumsemann-ev.de\/index.php?rest_route=%2Fwp%2Fv2%2Fcomments&post=2"}],"version-history":[{"count":231,"href":"https:\/\/sumsemann-ev.de\/index.php?rest_route=\/wp\/v2\/pages\/2\/revisions"}],"predecessor-version":[{"id":1132,"href":"https:\/\/sumsemann-ev.de\/index.php?rest_route=\/wp\/v2\/pages\/2\/revisions\/1132"}],"wp:attachment":[{"href":"https:\/\/sumsemann-ev.de\/index.php?rest_route=%2Fwp%2Fv2%2Fmedia&parent=2"}],"curies":[{"name":"wp","href":"https:\/\/api.w.org\/{rel}","templated":true}]}}