{"id":6,"date":"2018-06-27T12:01:11","date_gmt":"2018-06-27T12:01:11","guid":{"rendered":"http:\/\/sumsemann-ev.de\/?page_id=6"},"modified":"2025-10-28T00:02:46","modified_gmt":"2025-10-27T23:02:46","slug":"ueber-uns","status":"publish","type":"page","link":"https:\/\/sumsemann-ev.de\/?page_id=6","title":{"rendered":"\u00dcber Uns"},"content":{"rendered":"<div id=\"pl-6\"  class=\"panel-layout\" ><div id=\"pg-6-0\"  class=\"panel-grid panel-has-style\" ><div class=\"siteorigin-panels-stretch panel-row-style panel-row-style-for-6-0\" data-stretch-type=\"full\" ><div id=\"pgc-6-0-0\"  class=\"panel-grid-cell\" ><div id=\"panel-6-0-0-0\" class=\"so-panel widget widget_sow-editor panel-first-child panel-last-child\" data-index=\"0\" ><div\n\t\t\t\n\t\t\tclass=\"so-widget-sow-editor so-widget-sow-editor-base\"\n\t\t\t\n\t\t>\n<div class=\"siteorigin-widget-tinymce textwidget\">\n\t<h3 style=\"text-align: center;\">Elterninitiative \"Kindergarten Sumsemann e.V.\"<\/h3>\n<p style=\"text-align: center;\"><strong>Mitglied der Parit\u00e4tische NRW e.V.\u00a0<\/strong><\/p>\n<p style=\"text-align: center;\">Stuppenkreuz 6, 53359 Rheinbach - Queckenberg<\/p>\n<p style=\"text-align: center;\">Telefon: 02255 - 83 82<\/p>\n<p style=\"text-align: center;\">\u00d6ffnungszeiten des Kindergartens:\u00a0 7.30 - 14.30 Uhr<\/p>\n<\/div>\n<\/div><\/div><\/div><\/div><\/div><div id=\"pg-6-1\"  class=\"panel-grid panel-has-style\" ><div class=\"panel-row-style panel-row-style-for-6-1\" ><div id=\"pgc-6-1-0\"  class=\"panel-grid-cell\" ><div id=\"panel-6-1-0-0\" class=\"so-panel widget widget_sow-image panel-first-child\" data-index=\"1\" ><div\n\t\t\t\n\t\t\tclass=\"so-widget-sow-image so-widget-sow-image-default-8b5b6f678277-6\"\n\t\t\t\n\t\t>\n<div class=\"sow-image-container\">\n\t\t<img \n\tsrc=\"https:\/\/sumsemann-ev.de\/wp-content\/uploads\/2018\/06\/Sumsemann.png\" width=\"1200\" height=\"800\" srcset=\"https:\/\/sumsemann-ev.de\/wp-content\/uploads\/2018\/06\/Sumsemann.png 1200w, https:\/\/sumsemann-ev.de\/wp-content\/uploads\/2018\/06\/Sumsemann-300x200.png 300w, https:\/\/sumsemann-ev.de\/wp-content\/uploads\/2018\/06\/Sumsemann-768x512.png 768w, https:\/\/sumsemann-ev.de\/wp-content\/uploads\/2018\/06\/Sumsemann-1024x683.png 1024w, https:\/\/sumsemann-ev.de\/wp-content\/uploads\/2018\/06\/Sumsemann-1050x700.png 1050w, https:\/\/sumsemann-ev.de\/wp-content\/uploads\/2018\/06\/Sumsemann-272x182.png 272w\" sizes=\"(max-width: 1200px) 100vw, 1200px\" alt=\"\" loading=\"lazy\" \t\tclass=\"so-widget-image\"\/>\n\t<\/div>\n\n<\/div><\/div><div id=\"panel-6-1-0-1\" class=\"so-panel widget widget_sow-editor\" data-index=\"2\" ><div\n\t\t\t\n\t\t\tclass=\"so-widget-sow-editor so-widget-sow-editor-base\"\n\t\t\t\n\t\t><h3 class=\"widget-title\">Unser Sumsemann <\/h3>\n<div class=\"siteorigin-widget-tinymce textwidget\">\n\t<p><a href=\"https:\/\/sumsemann-ev.de\/?page_id=262\" rel=\"noopener\" target=\"_blank\">Mehr zum Team...<\/a><\/p>\n<p>Sprechstunde<br \/>\nTermine nach m\u00fcndlicher\/ telefonischer Absprache<\/p>\n<p>Gruppenstruktur<br \/>\n20 Kinder davon 3 unter 3 Jahren bis zur Einschulung<\/p>\n<p>&nbsp;<\/p>\n<p><a href=\"https:\/\/sumsemann-ev.de\/?page_id=33\" target=\"_blank\" rel=\"noopener\"><span style=\"color: #f39c12;\">Kontakt<\/span><\/a><\/p>\n<\/div>\n<\/div><\/div><div id=\"panel-6-1-0-2\" class=\"so-panel widget widget_sow-editor panel-last-child\" data-index=\"3\" ><div\n\t\t\t\n\t\t\tclass=\"so-widget-sow-editor so-widget-sow-editor-base\"\n\t\t\t\n\t\t><h3 class=\"widget-title\">Zu unserer Elternarbeit geh\u00f6rt<\/h3>\n<div class=\"siteorigin-widget-tinymce textwidget\">\n\t<p>Einzelgespr\u00e4che \u2013 auch als Hausbesuche \u2013 um nach Absprache Wege zur Erziehung und F\u00f6rderung einzelner Kinder zu finden und konkrete Probleme zu besprechen.<\/p>\n<p>Elternnachmittage und Elternabende, um miteinander zu reden und sich gegenseitig neue Anregung zu geben.<\/p>\n<p>Hospitation von Eltern im Kindergarten, um die Arbeit in der Gruppe kennenzulernen.<\/p>\n<\/div>\n<\/div><\/div><\/div><div id=\"pgc-6-1-1\"  class=\"panel-grid-cell\" ><div id=\"panel-6-1-1-0\" class=\"so-panel widget widget_sow-image panel-first-child\" data-index=\"4\" ><div\n\t\t\t\n\t\t\tclass=\"so-widget-sow-image so-widget-sow-image-default-8b5b6f678277-6\"\n\t\t\t\n\t\t>\n<div class=\"sow-image-container\">\n\t\t<img \n\tsrc=\"https:\/\/sumsemann-ev.de\/wp-content\/uploads\/2018\/11\/DSC_7362_00001.jpg\" width=\"1200\" height=\"797\" srcset=\"https:\/\/sumsemann-ev.de\/wp-content\/uploads\/2018\/11\/DSC_7362_00001.jpg 1200w, https:\/\/sumsemann-ev.de\/wp-content\/uploads\/2018\/11\/DSC_7362_00001-300x199.jpg 300w, https:\/\/sumsemann-ev.de\/wp-content\/uploads\/2018\/11\/DSC_7362_00001-768x510.jpg 768w, https:\/\/sumsemann-ev.de\/wp-content\/uploads\/2018\/11\/DSC_7362_00001-1024x680.jpg 1024w, https:\/\/sumsemann-ev.de\/wp-content\/uploads\/2018\/11\/DSC_7362_00001-1050x697.jpg 1050w, https:\/\/sumsemann-ev.de\/wp-content\/uploads\/2018\/11\/DSC_7362_00001-272x182.jpg 272w\" sizes=\"(max-width: 1200px) 100vw, 1200px\" alt=\"\" loading=\"lazy\" \t\tclass=\"so-widget-image\"\/>\n\t<\/div>\n\n<\/div><\/div><div id=\"panel-6-1-1-1\" class=\"so-panel widget widget_sow-editor panel-last-child\" data-index=\"5\" ><div\n\t\t\t\n\t\t\tclass=\"so-widget-sow-editor so-widget-sow-editor-base\"\n\t\t\t\n\t\t><h3 class=\"widget-title\">Besonderheiten<\/h3>\n<div class=\"siteorigin-widget-tinymce textwidget\">\n\t<p>Gro\u00dfer Innenhof und Au\u00dfenspielplatz<\/p>\n<p>Turnhalle<\/p>\n<p>Waldn\u00e4he (10 Minuten Fu\u00dfweg)<\/p>\n<p>Landschaftliche Idylle zwischen Pferdeh\u00f6fen und anderen landwirtschaftlichen Betrieben zum Erkunden<\/p>\n<p>&nbsp;<\/p>\n<p>&nbsp;<\/p>\n<p>&nbsp;<\/p>\n<\/div>\n<\/div><\/div><\/div><div id=\"pgc-6-1-2\"  class=\"panel-grid-cell\" ><div id=\"panel-6-1-2-0\" class=\"so-panel widget widget_sow-image panel-first-child\" data-index=\"6\" ><div\n\t\t\t\n\t\t\tclass=\"so-widget-sow-image so-widget-sow-image-default-8b5b6f678277-6\"\n\t\t\t\n\t\t>\n<div class=\"sow-image-container\">\n\t\t<img \n\tsrc=\"https:\/\/sumsemann-ev.de\/wp-content\/uploads\/2018\/11\/DSC_7373_00001.jpg\" width=\"1200\" height=\"800\" srcset=\"https:\/\/sumsemann-ev.de\/wp-content\/uploads\/2018\/11\/DSC_7373_00001.jpg 1200w, https:\/\/sumsemann-ev.de\/wp-content\/uploads\/2018\/11\/DSC_7373_00001-300x200.jpg 300w, https:\/\/sumsemann-ev.de\/wp-content\/uploads\/2018\/11\/DSC_7373_00001-768x512.jpg 768w, https:\/\/sumsemann-ev.de\/wp-content\/uploads\/2018\/11\/DSC_7373_00001-1024x683.jpg 1024w, https:\/\/sumsemann-ev.de\/wp-content\/uploads\/2018\/11\/DSC_7373_00001-1050x700.jpg 1050w, https:\/\/sumsemann-ev.de\/wp-content\/uploads\/2018\/11\/DSC_7373_00001-272x182.jpg 272w\" sizes=\"(max-width: 1200px) 100vw, 1200px\" alt=\"\" loading=\"lazy\" \t\tclass=\"so-widget-image\"\/>\n\t<\/div>\n\n<\/div><\/div><div id=\"panel-6-1-2-1\" class=\"so-panel widget widget_sow-editor panel-last-child\" data-index=\"7\" ><div\n\t\t\t\n\t\t\tclass=\"so-widget-sow-editor so-widget-sow-editor-base\"\n\t\t\t\n\t\t><h3 class=\"widget-title\">Zusammenarbeit mit anderen Institutionen<\/h3>\n<div class=\"siteorigin-widget-tinymce textwidget\">\n\t<p>Jugendamt<\/p>\n<p>Familien- und Erziehungsberatungsstelle<\/p>\n<p>Grundschule Merzbach, um den \u00dcbergang zur Grundschule zu erleichtern<\/p>\n<p>Therapeutische Einrichtungen, im Bedarfs- bzw. Einzelfall beispielsweise mit Ergo-, Sprachtherapeuten, Krankengymnasten, Familien- und Erziehungsberatungsstelle<\/p>\n<p>Katholische B\u00fccherei. Diese wird von den Kindern regelm\u00e4\u00dfig jeden ersten Donnerstag im Monat besucht.<\/p>\n<p>Gesundheitsamt<\/p>\n<p>Fachschulen f\u00fcr Sozialp\u00e4dagogik<\/p>\n<\/div>\n<\/div><\/div><\/div><\/div><\/div><div id=\"pg-6-2\"  class=\"panel-grid panel-has-style\" ><div class=\"siteorigin-panels-stretch panel-row-style panel-row-style-for-6-2\" data-stretch-type=\"full\" ><div id=\"pgc-6-2-0\"  class=\"panel-grid-cell\" ><div id=\"panel-6-2-0-0\" class=\"so-panel widget widget_sow-features panel-first-child panel-last-child\" data-index=\"8\" ><div class=\"panel-widget-style panel-widget-style-for-6-2-0-0\" ><div\n\t\t\t\n\t\t\tclass=\"so-widget-sow-features so-widget-sow-features-default-dafc3548cf1c-6\"\n\t\t\t\n\t\t><ul\n\tclass=\"sow-features-list\n\tsow-features-responsive\">\n\n\t\t\t<li\n\t\t\tclass=\"sow-features-feature sow-icon-container-position-top\"\n\t\t\tstyle=\"display: flex; flex-direction: column; width: calc(33.333% - 25px);\"\n\t\t>\n\t\t\t\n\t\t\t\t\t\t<div\t\t\t\tclass=\"sow-icon-container sow-container-round\"\n\t\t\t\tstyle=\"color: #ffffff; \"\n\t\t\t\t\n\t\t\t\t\t\t\t>\n\t\t\t\t<span class=\"sow-icon-icomoon\" data-sow-icon=\"&#xe901;\"\n\t\tstyle=\"font-size: 48px; color: #f39c12\" \n\t\taria-hidden=\"true\"><\/span>\t\t\t<\/div>\n\n\t\t\t<div class=\"textwidget\">\n\t\t\t\t\n\t\t\t\t\t\t\t\t\t<h5 class=\"sow-features-feature-title\">\n\t\t\t\t\t\tSpielplatz\t\t\t\t\t<\/h5>\n\t\t\t\t\n\t\t\t\t\t\t\t\t\t<div class=\"sow-features-feature-text\">\n\t\t\t\t\t<p>Innenhof und Au\u00dfenspielplatz mit zahlreichen Bewegungsm\u00f6glichkeiten.<\/p>\n\t\t\t\t\t<\/div>\n\t\t\t\t\t\t\t\t<\/div>\n\t\t\t\t\t\t\t\t<\/li>\n\n\t\t\t<li\n\t\t\tclass=\"sow-features-feature sow-icon-container-position-top\"\n\t\t\tstyle=\"display: flex; flex-direction: column; width: calc(33.333% - 25px);\"\n\t\t>\n\t\t\t\n\t\t\t\t\t\t<div\t\t\t\tclass=\"sow-icon-container sow-container-round\"\n\t\t\t\tstyle=\"color: #ffffff; \"\n\t\t\t\t\n\t\t\t\t\t\t\t>\n\t\t\t\t<span class=\"sow-icon-icomoon\" data-sow-icon=\"&#xe90c;\"\n\t\tstyle=\"font-size: 48px; color: #f39c12\" \n\t\taria-hidden=\"true\"><\/span>\t\t\t<\/div>\n\n\t\t\t<div class=\"textwidget\">\n\t\t\t\t\n\t\t\t\t\t\t\t\t\t<h5 class=\"sow-features-feature-title\">\n\t\t\t\t\t\tKreativit\u00e4t\t\t\t\t\t<\/h5>\n\t\t\t\t\n\t\t\t\t\t\t\t\t\t<div class=\"sow-features-feature-text\">\n\t\t\t\t\t<p>Vielf\u00e4ltiges Angebot an kreativen Spiel- und Bastelmaterial.<\/p>\n\t\t\t\t\t<\/div>\n\t\t\t\t\t\t\t\t<\/div>\n\t\t\t\t\t\t\t\t<\/li>\n\n\t\t\t<li\n\t\t\tclass=\"sow-features-feature sow-icon-container-position-top\"\n\t\t\tstyle=\"display: flex; flex-direction: column; width: calc(33.333% - 25px);\"\n\t\t>\n\t\t\t\n\t\t\t\t\t\t<div\t\t\t\tclass=\"sow-icon-container sow-container-round\"\n\t\t\t\tstyle=\"color: #ffffff; \"\n\t\t\t\t\n\t\t\t\t\t\t\t>\n\t\t\t\t<span class=\"sow-icon-icomoon\" data-sow-icon=\"&#xe9a3;\"\n\t\tstyle=\"font-size: 48px; color: #f39c12\" \n\t\taria-hidden=\"true\"><\/span>\t\t\t<\/div>\n\n\t\t\t<div class=\"textwidget\">\n\t\t\t\t\n\t\t\t\t\t\t\t\t\t<h5 class=\"sow-features-feature-title\">\n\t\t\t\t\t\tMittagessen\t\t\t\t\t<\/h5>\n\t\t\t\t\n\t\t\t\t\t\t\t\t\t<div class=\"sow-features-feature-text\">\n\t\t\t\t\t<p>Jeden Mittag kommt ein Catering der Firma Surges.<\/p>\n\t\t\t\t\t<\/div>\n\t\t\t\t\t\t\t\t<\/div>\n\t\t\t\t\t\t\t\t<\/li>\n\n\t<\/ul>\n<\/div><\/div><\/div><\/div><\/div><\/div><\/div>","protected":false},"excerpt":{"rendered":"<p>Elterninitiative &#8222;Kindergarten Sumsemann e.V.&#8220; Mitglied der Parit\u00e4tische NRW e.V.\u00a0 Stuppenkreuz 6, 53359 Rheinbach &#8211; Queckenberg Telefon: 02255 &#8211; 83 82 \u00d6ffnungszeiten des Kindergartens:\u00a0 7.30 &#8211; 14.30 Uhr Mehr zum Team&#8230; Sprechstunde Termine nach m\u00fcndlicher\/ telefonischer Absprache Gruppenstruktur 20 Kinder davon 3 unter 3 Jahren bis zur Einschulung &nbsp; Kontakt Einzelgespr\u00e4che \u2013 auch als Hausbesuche \u2013 um nach Absprache Wege zur&hellip;<\/p>\n","protected":false},"author":3,"featured_media":0,"parent":0,"menu_order":0,"comment_status":"closed","ping_status":"closed","template":"page-fullwidth.php","meta":[],"_links":{"self":[{"href":"https:\/\/sumsemann-ev.de\/index.php?rest_route=\/wp\/v2\/pages\/6"}],"collection":[{"href":"https:\/\/sumsemann-ev.de\/index.php?rest_route=\/wp\/v2\/pages"}],"about":[{"href":"https:\/\/sumsemann-ev.de\/index.php?rest_route=\/wp\/v2\/types\/page"}],"author":[{"embeddable":true,"href":"https:\/\/sumsemann-ev.de\/index.php?rest_route=\/wp\/v2\/users\/3"}],"replies":[{"embeddable":true,"href":"https:\/\/sumsemann-ev.de\/index.php?rest_route=%2Fwp%2Fv2%2Fcomments&post=6"}],"version-history":[{"count":116,"href":"https:\/\/sumsemann-ev.de\/index.php?rest_route=\/wp\/v2\/pages\/6\/revisions"}],"predecessor-version":[{"id":1138,"href":"https:\/\/sumsemann-ev.de\/index.php?rest_route=\/wp\/v2\/pages\/6\/revisions\/1138"}],"wp:attachment":[{"href":"https:\/\/sumsemann-ev.de\/index.php?rest_route=%2Fwp%2Fv2%2Fmedia&parent=6"}],"curies":[{"name":"wp","href":"https:\/\/api.w.org\/{rel}","templated":true}]}}